{"id":20,"date":"2023-05-08T10:21:42","date_gmt":"2023-05-08T08:21:42","guid":{"rendered":"https:\/\/brigittemoulinsisoard.com\/?page_id=20"},"modified":"2025-12-31T18:01:54","modified_gmt":"2025-12-31T17:01:54","slug":"mes-livres","status":"publish","type":"page","link":"https:\/\/brigittemoulinsisoard.com\/","title":{"rendered":"Mes livres"},"content":{"rendered":"\n<p class=\"has-text-align-center has-medium-font-size\"><strong><font face=\"century\">Brigitte Moulins Isoard<\/font><\/strong><\/p>\n\n\n\n<p class=\"has-text-align-center\"><font face=\"century\">n\u00e9e \u00e0 Aix-en-Provence<\/font><br><font face=\"century\">est la pr\u00e9sidente fondatrice des <a href=\"https:\/\/xn--les-nuites-littraires-aixoises-ixch.com\/\" data-type=\"URL\" data-id=\"https:\/\/xn--les-nuites-littraires-aixoises-ixch.com\/\">nuit\u00e9es litt\u00e9raires Aixoises<\/a> <font face=\"century\"><font face=\"century\">et pr\u00e9sidente fondatrice <\/font><\/font> <font face=\"century\">du concours international de danse d&rsquo;Aix <\/font><br> Passionn\u00e9e de science-fiction, elle vous pr\u00e9sente ses ouvrages !<\/font><\/p>\n\n\n<div class=\"wp-block-image\">\n<figure class=\"aligncenter size-full\"><a href=\"https:\/\/lespressesdumidi.com\/recherche?controller=search&amp;s=brigitte+moulins\"><img loading=\"lazy\" decoding=\"async\" width=\"968\" height=\"566\" src=\"https:\/\/brigittemoulinsisoard.com\/wp-content\/uploads\/2023\/05\/Enzo-1.png\" alt=\"\" class=\"wp-image-116\" srcset=\"https:\/\/brigittemoulinsisoard.com\/wp-content\/uploads\/2023\/05\/Enzo-1.png 968w, https:\/\/brigittemoulinsisoard.com\/wp-content\/uploads\/2023\/05\/Enzo-1-300x175.png 300w, https:\/\/brigittemoulinsisoard.com\/wp-content\/uploads\/2023\/05\/Enzo-1-768x449.png 768w\" sizes=\"auto, (max-width: 968px) 100vw, 968px\" \/><\/a><\/figure>\n<\/div>\n\n\n<p class=\"has-text-align-center has-medium-font-size\"><strong><font face=\"century\"><a href=\"https:\/\/lespressesdumidi.com\/recherche?controller=search&amp;s=brigitte+moulins\">Mes oeuvres<\/a><\/font><\/strong><\/p>\n\n\n\n<p class=\"has-text-align-center has-normal-font-size\"><a href=\"https:\/\/lespressesdumidi.com\/recherche?controller=search&amp;s=brigitte+moulins\"><strong><font face=\"century\">Danseuses dans l&rsquo;espace<\/font> &#8211; juillet 2003<\/strong><\/a><\/p>\n\n\n\n<figure class=\"wp-block-gallery has-nested-images columns-default is-cropped wp-block-gallery-1 is-layout-flex wp-block-gallery-is-layout-flex\">\n<figure class=\"wp-block-image size-large\"><a href=\"https:\/\/lespressesdumidi.com\/\"><img loading=\"lazy\" decoding=\"async\" width=\"467\" height=\"622\" data-id=\"60\" src=\"https:\/\/brigittemoulinsisoard.com\/wp-content\/uploads\/2023\/05\/DanseuseDansLespace01.jpg\" alt=\"\" class=\"wp-image-60\" srcset=\"https:\/\/brigittemoulinsisoard.com\/wp-content\/uploads\/2023\/05\/DanseuseDansLespace01.jpg 467w, https:\/\/brigittemoulinsisoard.com\/wp-content\/uploads\/2023\/05\/DanseuseDansLespace01-225x300.jpg 225w\" sizes=\"auto, (max-width: 467px) 100vw, 467px\" \/><\/a><\/figure>\n\n\n\n<figure class=\"wp-block-image size-large\"><a href=\"https:\/\/lespressesdumidi.com\/\"><img loading=\"lazy\" decoding=\"async\" width=\"467\" height=\"622\" data-id=\"61\" src=\"https:\/\/brigittemoulinsisoard.com\/wp-content\/uploads\/2023\/05\/DanseuseDansLespace02.jpg\" alt=\"\" class=\"wp-image-61\" srcset=\"https:\/\/brigittemoulinsisoard.com\/wp-content\/uploads\/2023\/05\/DanseuseDansLespace02.jpg 467w, https:\/\/brigittemoulinsisoard.com\/wp-content\/uploads\/2023\/05\/DanseuseDansLespace02-225x300.jpg 225w\" sizes=\"auto, (max-width: 467px) 100vw, 467px\" \/><\/a><\/figure>\n<\/figure>\n\n\n\n<p class=\"has-text-align-center has-normal-font-size\"><a href=\"https:\/\/lespressesdumidi.com\/jeunesse\/464-titania-de-brigitte-moulins-isoard--9782812707599.html\"><strong>Titania &#8211; f\u00e9vrier 2016<\/strong><\/a><\/p>\n\n\n\n<figure class=\"wp-block-gallery has-nested-images columns-default is-cropped wp-block-gallery-2 is-layout-flex wp-block-gallery-is-layout-flex\">\n<figure class=\"wp-block-image size-large\"><a href=\"https:\/\/lespressesdumidi.com\/jeunesse\/464-titania-de-brigitte-moulins-isoard--9782812707599.html\"><img loading=\"lazy\" decoding=\"async\" width=\"467\" height=\"622\" data-id=\"62\" src=\"https:\/\/brigittemoulinsisoard.com\/wp-content\/uploads\/2023\/05\/Titania01.jpg\" alt=\"\" class=\"wp-image-62\" srcset=\"https:\/\/brigittemoulinsisoard.com\/wp-content\/uploads\/2023\/05\/Titania01.jpg 467w, https:\/\/brigittemoulinsisoard.com\/wp-content\/uploads\/2023\/05\/Titania01-225x300.jpg 225w\" sizes=\"auto, (max-width: 467px) 100vw, 467px\" \/><\/a><\/figure>\n\n\n\n<figure class=\"wp-block-image size-large\"><a href=\"https:\/\/lespressesdumidi.com\/jeunesse\/464-titania-de-brigitte-moulins-isoard--9782812707599.html\"><img loading=\"lazy\" decoding=\"async\" width=\"467\" height=\"622\" data-id=\"63\" src=\"https:\/\/brigittemoulinsisoard.com\/wp-content\/uploads\/2023\/05\/Titania02.jpg\" alt=\"\" class=\"wp-image-63\" srcset=\"https:\/\/brigittemoulinsisoard.com\/wp-content\/uploads\/2023\/05\/Titania02.jpg 467w, https:\/\/brigittemoulinsisoard.com\/wp-content\/uploads\/2023\/05\/Titania02-225x300.jpg 225w\" sizes=\"auto, (max-width: 467px) 100vw, 467px\" \/><\/a><\/figure>\n<\/figure>\n\n\n\n<p class=\"has-text-align-center has-normal-font-size\"><a href=\"https:\/\/lespressesdumidi.com\/jeunesse\/315-une-breche-dans-le-temps-de-brigitte-moulins-isoard-9782812711190.html\"><strong>Une br\u00e8che dans le temps &#8211; septembre 2017<\/strong><\/a><\/p>\n\n\n\n<figure class=\"wp-block-gallery has-nested-images columns-default is-cropped wp-block-gallery-3 is-layout-flex wp-block-gallery-is-layout-flex\">\n<figure class=\"wp-block-image size-large\"><a href=\"https:\/\/lespressesdumidi.com\/jeunesse\/315-une-breche-dans-le-temps-de-brigitte-moulins-isoard-9782812711190.html\"><img loading=\"lazy\" decoding=\"async\" width=\"469\" height=\"668\" data-id=\"64\" src=\"https:\/\/brigittemoulinsisoard.com\/wp-content\/uploads\/2023\/05\/UneBrecheDansLeTemps01.png\" alt=\"\" class=\"wp-image-64\" srcset=\"https:\/\/brigittemoulinsisoard.com\/wp-content\/uploads\/2023\/05\/UneBrecheDansLeTemps01.png 469w, https:\/\/brigittemoulinsisoard.com\/wp-content\/uploads\/2023\/05\/UneBrecheDansLeTemps01-211x300.png 211w\" sizes=\"auto, (max-width: 469px) 100vw, 469px\" \/><\/a><\/figure>\n\n\n\n<figure class=\"wp-block-image size-large\"><a href=\"https:\/\/lespressesdumidi.com\/jeunesse\/315-une-breche-dans-le-temps-de-brigitte-moulins-isoard-9782812711190.html\"><img loading=\"lazy\" decoding=\"async\" width=\"467\" height=\"670\" data-id=\"65\" src=\"https:\/\/brigittemoulinsisoard.com\/wp-content\/uploads\/2023\/05\/UneBrecheDansLeTemps02.png\" alt=\"\" class=\"wp-image-65\" srcset=\"https:\/\/brigittemoulinsisoard.com\/wp-content\/uploads\/2023\/05\/UneBrecheDansLeTemps02.png 467w, https:\/\/brigittemoulinsisoard.com\/wp-content\/uploads\/2023\/05\/UneBrecheDansLeTemps02-209x300.png 209w\" sizes=\"auto, (max-width: 467px) 100vw, 467px\" \/><\/a><\/figure>\n<\/figure>\n\n\n\n<p class=\"has-text-align-center has-normal-font-size\"><a href=\"https:\/\/lespressesdumidi.com\/jeunesse\/118-natacha-ou-les-couloirs-du-temps-de-brigitte-moulins-isoard-9782812711190.html\"><strong>Natacha ou les couloirs du temps &#8211; juillet 2019<\/strong><\/a><\/p>\n\n\n\n<figure class=\"wp-block-gallery has-nested-images columns-default is-cropped wp-block-gallery-4 is-layout-flex wp-block-gallery-is-layout-flex\">\n<figure class=\"wp-block-image size-large\"><a href=\"https:\/\/lespressesdumidi.com\/jeunesse\/118-natacha-ou-les-couloirs-du-temps-de-brigitte-moulins-isoard-9782812711190.html\"><img loading=\"lazy\" decoding=\"async\" width=\"467\" height=\"664\" data-id=\"66\" src=\"https:\/\/brigittemoulinsisoard.com\/wp-content\/uploads\/2023\/05\/NatachaOuLesCouloiresduTemps01.png\" alt=\"\" class=\"wp-image-66\" srcset=\"https:\/\/brigittemoulinsisoard.com\/wp-content\/uploads\/2023\/05\/NatachaOuLesCouloiresduTemps01.png 467w, https:\/\/brigittemoulinsisoard.com\/wp-content\/uploads\/2023\/05\/NatachaOuLesCouloiresduTemps01-211x300.png 211w\" sizes=\"auto, (max-width: 467px) 100vw, 467px\" \/><\/a><\/figure>\n\n\n\n<figure class=\"wp-block-image size-large\"><a href=\"https:\/\/lespressesdumidi.com\/jeunesse\/118-natacha-ou-les-couloirs-du-temps-de-brigitte-moulins-isoard-9782812711190.html\"><img loading=\"lazy\" decoding=\"async\" width=\"461\" height=\"665\" data-id=\"67\" src=\"https:\/\/brigittemoulinsisoard.com\/wp-content\/uploads\/2023\/05\/NatachaOuLesCouloiresduTemps02.png\" alt=\"\" class=\"wp-image-67\" srcset=\"https:\/\/brigittemoulinsisoard.com\/wp-content\/uploads\/2023\/05\/NatachaOuLesCouloiresduTemps02.png 461w, https:\/\/brigittemoulinsisoard.com\/wp-content\/uploads\/2023\/05\/NatachaOuLesCouloiresduTemps02-208x300.png 208w\" sizes=\"auto, (max-width: 461px) 100vw, 461px\" \/><\/a><\/figure>\n<\/figure>\n\n\n\n<p class=\"has-text-align-center\"><strong><font face=\"century\"><a href=\"https:\/\/lespressesdumidi.com\/recueils-nouvelles\/1048-les-masques-du-temps-de-brigitte-moulins-isoard-9782812713156.html\">Les masques du temps &#8211; juin 2022<\/a><\/font><\/strong><\/p>\n\n\n\n<figure class=\"wp-block-gallery has-nested-images columns-default is-cropped wp-block-gallery-5 is-layout-flex wp-block-gallery-is-layout-flex\">\n<figure class=\"wp-block-image size-large\"><a href=\"https:\/\/lespressesdumidi.com\/recueils-nouvelles\/1048-les-masques-du-temps-de-brigitte-moulins-isoard-9782812713156.html\"><img loading=\"lazy\" decoding=\"async\" width=\"467\" height=\"634\" data-id=\"109\" src=\"https:\/\/brigittemoulinsisoard.com\/wp-content\/uploads\/2023\/05\/LesMasquesDuTemps01.png\" alt=\"\" class=\"wp-image-109\" srcset=\"https:\/\/brigittemoulinsisoard.com\/wp-content\/uploads\/2023\/05\/LesMasquesDuTemps01.png 467w, https:\/\/brigittemoulinsisoard.com\/wp-content\/uploads\/2023\/05\/LesMasquesDuTemps01-221x300.png 221w\" sizes=\"auto, (max-width: 467px) 100vw, 467px\" \/><\/a><\/figure>\n\n\n\n<figure class=\"wp-block-image size-large\"><a href=\"https:\/\/lespressesdumidi.com\/recueils-nouvelles\/1048-les-masques-du-temps-de-brigitte-moulins-isoard-9782812713156.html\"><img loading=\"lazy\" decoding=\"async\" width=\"432\" height=\"634\" data-id=\"110\" src=\"https:\/\/brigittemoulinsisoard.com\/wp-content\/uploads\/2023\/05\/LesMasquesDuTemps02.png\" alt=\"\" class=\"wp-image-110\" srcset=\"https:\/\/brigittemoulinsisoard.com\/wp-content\/uploads\/2023\/05\/LesMasquesDuTemps02.png 432w, https:\/\/brigittemoulinsisoard.com\/wp-content\/uploads\/2023\/05\/LesMasquesDuTemps02-204x300.png 204w\" sizes=\"auto, (max-width: 432px) 100vw, 432px\" \/><\/a><\/figure>\n<\/figure>\n\n\n\n<p class=\"has-text-align-center\"><font face=\"century\"><a href=\"https:\/\/lespressesdumidi.com\/recueils-nouvelles\/1282-histoires-singulieres-de-brigitte-moulins-isoard-9782812715693.html\"><strong>Histoires singuli\u00e8res &#8211; aout 2025<\/strong><\/a><\/font><\/p>\n\n\n\n<figure class=\"wp-block-gallery has-nested-images columns-default is-cropped wp-block-gallery-6 is-layout-flex wp-block-gallery-is-layout-flex\">\n<figure class=\"wp-block-image size-large\"><img loading=\"lazy\" decoding=\"async\" width=\"1024\" height=\"676\" data-id=\"267\" src=\"https:\/\/brigittemoulinsisoard.com\/wp-content\/uploads\/2025\/09\/HistoiresSingulieres-1024x676.jpeg\" alt=\"\" class=\"wp-image-267\" srcset=\"https:\/\/brigittemoulinsisoard.com\/wp-content\/uploads\/2025\/09\/HistoiresSingulieres-1024x676.jpeg 1024w, https:\/\/brigittemoulinsisoard.com\/wp-content\/uploads\/2025\/09\/HistoiresSingulieres-300x198.jpeg 300w, https:\/\/brigittemoulinsisoard.com\/wp-content\/uploads\/2025\/09\/HistoiresSingulieres-768x507.jpeg 768w, https:\/\/brigittemoulinsisoard.com\/wp-content\/uploads\/2025\/09\/HistoiresSingulieres-1536x1014.jpeg 1536w, https:\/\/brigittemoulinsisoard.com\/wp-content\/uploads\/2025\/09\/HistoiresSingulieres.jpeg 1632w\" sizes=\"auto, (max-width: 1024px) 100vw, 1024px\" \/><\/figure>\n<\/figure>\n\n\n\n<h1 class=\"wp-block-heading has-text-align-center has-normal-font-size\"><font face=\"century\"><strong>Comment se procurer mes ouvrages<\/strong><\/font><\/h1>\n\n\n\n<p class=\"has-text-align-center\"><font face=\"century\">En vente sur commande en toutes librairies<\/font><br><font face=\"century\">et disponible chez l&rsquo;\u00e9diteur<\/font> <a href=\"mailto:lespressesdumidi@free.fr\"><font face=\"century\">Les Presses du midi<\/font><\/a><\/p>\n\n\n\n<p class=\"has-text-align-center\"><\/p>\n\n\n\n<p class=\"has-text-align-center\"><br>Copyright &#8211; Tous droits r\u00e9serv\u00e9s &#8211; Mise \u00e0 jour 05\/09\/2025<\/p>\n","protected":false},"excerpt":{"rendered":"<p>Brigitte Moulins Isoard n\u00e9e \u00e0 Aix-en-Provenceest la pr\u00e9sidente fondatrice des nuit\u00e9es litt\u00e9raires Aixoises et pr\u00e9sidente fondatrice du concours international de danse d&rsquo;Aix Passionn\u00e9e de science-fiction, elle vous pr\u00e9sente ses ouvrages ! Mes oeuvres Danseuses dans l&rsquo;espace &#8211; juillet 2003 Titania &#8211; f\u00e9vrier 2016 Une br\u00e8che dans le temps &#8211; septembre 2017 Natacha ou les couloirs [&hellip;]<\/p>\n","protected":false},"author":1,"featured_media":0,"parent":0,"menu_order":0,"comment_status":"closed","ping_status":"closed","template":"template-fullwidth.php","meta":{"footnotes":""},"class_list":["post-20","page","type-page","status-publish","hentry"],"_links":{"self":[{"href":"https:\/\/brigittemoulinsisoard.com\/index.php\/wp-json\/wp\/v2\/pages\/20","targetHints":{"allow":["GET"]}}],"collection":[{"href":"https:\/\/brigittemoulinsisoard.com\/index.php\/wp-json\/wp\/v2\/pages"}],"about":[{"href":"https:\/\/brigittemoulinsisoard.com\/index.php\/wp-json\/wp\/v2\/types\/page"}],"author":[{"embeddable":true,"href":"https:\/\/brigittemoulinsisoard.com\/index.php\/wp-json\/wp\/v2\/users\/1"}],"replies":[{"embeddable":true,"href":"https:\/\/brigittemoulinsisoard.com\/index.php\/wp-json\/wp\/v2\/comments?post=20"}],"version-history":[{"count":54,"href":"https:\/\/brigittemoulinsisoard.com\/index.php\/wp-json\/wp\/v2\/pages\/20\/revisions"}],"predecessor-version":[{"id":281,"href":"https:\/\/brigittemoulinsisoard.com\/index.php\/wp-json\/wp\/v2\/pages\/20\/revisions\/281"}],"wp:attachment":[{"href":"https:\/\/brigittemoulinsisoard.com\/index.php\/wp-json\/wp\/v2\/media?parent=20"}],"curies":[{"name":"wp","href":"https:\/\/api.w.org\/{rel}","templated":true}]}}